{"id":41,"date":"2023-07-07T19:51:43","date_gmt":"2023-07-07T19:51:43","guid":{"rendered":"https:\/\/jaam.conlatarea.com\/?page_id=41"},"modified":"2023-07-08T21:16:51","modified_gmt":"2023-07-08T21:16:51","slug":"41-2","status":"publish","type":"page","link":"https:\/\/jaam.conlatarea.com\/index.php\/41-2\/","title":{"rendered":"JAAM"},"content":{"rendered":"<p>[et_pb_section fb_built=\u00bb1&#8243; custom_padding_last_edited=\u00bbon|phone\u00bb admin_label=\u00bbHeader\u00bb _builder_version=\u00bb4.21.0&#8243; _module_preset=\u00bbdefault\u00bb background_image=\u00bbhttps:\/\/jaam.conlatarea.com\/wp-content\/uploads\/2023\/07\/walter-white-cooking.gif\u00bb custom_padding=\u00bb120px||120px||true|\u00bb custom_padding_tablet=\u00bb100px||100px||true|false\u00bb custom_padding_phone=\u00bb60px||60px||true|false\u00bb animation_style=\u00bbslide\u00bb animation_direction=\u00bbbottom\u00bb animation_duration=\u00bb600ms\u00bb animation_intensity_slide=\u00bb2%\u00bb global_colors_info=\u00bb{}\u00bb][et_pb_row _builder_version=\u00bb4.16&#8243; _module_preset=\u00bbdefault\u00bb max_width=\u00bb600px\u00bb max_width_last_edited=\u00bboff|desktop\u00bb animation_style=\u00bbslide\u00bb animation_direction=\u00bbbottom\u00bb animation_duration=\u00bb600ms\u00bb animation_intensity_slide=\u00bb10%\u00bb global_colors_info=\u00bb{}\u00bb][et_pb_column type=\u00bb4_4&#8243; _builder_version=\u00bb4.16&#8243; _module_preset=\u00bbdefault\u00bb global_colors_info=\u00bb{}\u00bb][et_pb_text content_tablet=\u00bb<\/p>\n<h1>Data Management<\/h1>\n<p>\u00bb content_phone=\u00bb<\/p>\n<h1>Data Management<\/h1>\n<p>\u00bb content_last_edited=\u00bbon|desktop\u00bb _builder_version=\u00bb4.21.0&#8243; _module_preset=\u00bbd72c0383-6487-4f2c-ac5c-7d48a6376757&#8243; text_font=\u00bbArial||||||||\u00bb text_text_color=\u00bb#7CDA24&#8243; header_font=\u00bbRoboto Slab||||||||\u00bb header_text_color=\u00bb#27e55c\u00bb header_font_size=\u00bb80px\u00bb header_line_height=\u00bb1.2em\u00bb text_orientation=\u00bbcenter\u00bb custom_margin=\u00bb||10px||false|false\u00bb header_font_size_tablet=\u00bb40px\u00bb header_font_size_phone=\u00bb20px\u00bb header_font_size_last_edited=\u00bbon|phone\u00bb global_colors_info=\u00bb{}\u00bb text_text_color__hover_enabled=\u00bboff|desktop\u00bb text_text_color__hover=\u00bb#7CDA24&#8243;]<\/p>\n<h1>Laboratorio Heisenberg<\/h1>\n<p>[\/et_pb_text][et_pb_text disabled_on=\u00bboff|off|off\u00bb _builder_version=\u00bb4.21.0&#8243; _module_preset=\u00bb1d866de3-b108-4c5f-bed3-2da9506a6915&#8243; text_font=\u00bbArial||||||||\u00bb text_text_color=\u00bb#000000&#8243; header_font=\u00bb||||||||\u00bb header_4_font=\u00bbRoboto Mono||||||||\u00bb header_4_text_color=\u00bb#FFFFFF\u00bb header_4_line_height=\u00bb1.8em\u00bb transform_scale=\u00bb126%|126%\u00bb text_orientation=\u00bbcenter\u00bb custom_margin=\u00bb||0px||false|false\u00bb header_4_font_size_tablet=\u00bb16px\u00bb header_4_font_size_phone=\u00bb14px\u00bb header_4_font_size_last_edited=\u00bbon|tablet\u00bb global_colors_info=\u00bb{}\u00bb text_text_color__hover_enabled=\u00bbon|desktop\u00bb text_text_color__hover=\u00bb#FFFFFF\u00bb]<\/p>\n<h4>Nos encargamos de hacerle la vida m\u00e1s facil y sencilla gracias a nuestros resultados inmediatos y efectivos.<\/h4>\n<p>[\/et_pb_text][\/et_pb_column][\/et_pb_row][\/et_pb_section][et_pb_section fb_built=\u00bb1&#8243; specialty=\u00bbon\u00bb admin_label=\u00bbAbout\u00bb _builder_version=\u00bb4.21.0&#8243; _module_preset=\u00bbdefault\u00bb background_color=\u00bb#EDF000&#8243; global_colors_info=\u00bb{}\u00bb][et_pb_column type=\u00bb1_2&#8243; specialty_columns=\u00bb2&#8243; _builder_version=\u00bb4.16&#8243; custom_padding=\u00bb|||\u00bb global_colors_info=\u00bb{}\u00bb custom_padding__hover=\u00bb|||\u00bb][et_pb_row_inner _builder_version=\u00bb4.21.0&#8243; _module_preset=\u00bbdefault\u00bb animation_style=\u00bbzoom\u00bb global_colors_info=\u00bb{}\u00bb transform_styles__hover_enabled=\u00bbon|hover\u00bb transform_scale__hover_enabled=\u00bbon|hover\u00bb transform_translate__hover_enabled=\u00bbon|desktop\u00bb transform_rotate__hover_enabled=\u00bbon|desktop\u00bb transform_skew__hover_enabled=\u00bbon|desktop\u00bb transform_origin__hover_enabled=\u00bbon|desktop\u00bb transform_scale__hover=\u00bb128%|128%\u00bb][et_pb_column_inner saved_specialty_column_type=\u00bb1_2&#8243; _builder_version=\u00bb4.16&#8243; _module_preset=\u00bbdefault\u00bb global_colors_info=\u00bb{}\u00bb][et_pb_text _builder_version=\u00bb4.21.0&#8243; _module_preset=\u00bb32021f09-dd67-47fb-8f9a-832b72a38baf\u00bb header_2_font=\u00bbRoboto Slab||||||||\u00bb header_2_text_color=\u00bb#000000&#8243; header_2_font_size=\u00bb54px\u00bb header_2_line_height=\u00bb1.35em\u00bb header_2_font_size_tablet=\u00bb32px\u00bb header_2_font_size_phone=\u00bb16px\u00bb header_2_font_size_last_edited=\u00bbon|phone\u00bb locked=\u00bboff\u00bb global_colors_info=\u00bb{}\u00bb]<\/p>\n<h2>Algunas funciones que realizamos son:<\/h2>\n<p>[\/et_pb_text][\/et_pb_column_inner][\/et_pb_row_inner][et_pb_row_inner column_structure=\u00bb1_2,1_2&#8243; _builder_version=\u00bb4.21.0&#8243; _module_preset=\u00bbdefault\u00bb transform_scale=\u00bb108%|108%\u00bb animation_style=\u00bbfade\u00bb locked=\u00bboff\u00bb global_colors_info=\u00bb{}\u00bb transform_styles__hover_enabled=\u00bbon|hover\u00bb transform_scale__hover_enabled=\u00bbon|hover\u00bb transform_translate__hover_enabled=\u00bbon|desktop\u00bb transform_rotate__hover_enabled=\u00bbon|desktop\u00bb transform_skew__hover_enabled=\u00bbon|desktop\u00bb transform_origin__hover_enabled=\u00bbon|desktop\u00bb transform_scale__hover=\u00bb124%|124%\u00bb][et_pb_column_inner type=\u00bb1_2&#8243; saved_specialty_column_type=\u00bb1_2&#8243; _builder_version=\u00bb4.16&#8243; _module_preset=\u00bbdefault\u00bb global_colors_info=\u00bb{}\u00bb][et_pb_text _builder_version=\u00bb4.16&#8243; _module_preset=\u00bb32021f09-dd67-47fb-8f9a-832b72a38baf\u00bb header_2_font=\u00bbRoboto Slab||||||||\u00bb header_2_text_color=\u00bb#41E2BA\u00bb header_2_font_size=\u00bb54px\u00bb header_2_line_height=\u00bb1.35em\u00bb custom_margin=\u00bb||0px||false|false\u00bb header_2_font_size_tablet=\u00bb32px\u00bb header_2_font_size_phone=\u00bb16px\u00bb header_2_font_size_last_edited=\u00bbon|phone\u00bb locked=\u00bboff\u00bb global_colors_info=\u00bb{}\u00bb]<\/p>\n<h2>Sangre<\/h2>\n<p>[\/et_pb_text][et_pb_text _builder_version=\u00bb4.21.0&#8243; _module_preset=\u00bb0d1dcb4c-f28c-4a41-972c-ecb508cfdc14&#8243; text_font=\u00bb|600|||||||\u00bb text_text_color=\u00bbrgba(2,30,60,0.6)\u00bb text_line_height=\u00bb1.8em\u00bb transform_scale=\u00bb98%|98%\u00bb transform_translate=\u00bb17px|12px\u00bb text_font_size_tablet=\u00bb\u00bb text_font_size_phone=\u00bb13px\u00bb text_font_size_last_edited=\u00bbon|phone\u00bb header_font_size_tablet=\u00bb55px\u00bb header_font_size_last_edited=\u00bboff|desktop\u00bb locked=\u00bboff\u00bb global_colors_info=\u00bb{}\u00bb]<\/p>\n<p>Ex\u00e1menes de sangre 100% efectivos.<\/p>\n<p>[\/et_pb_text][\/et_pb_column_inner][et_pb_column_inner type=\u00bb1_2&#8243; saved_specialty_column_type=\u00bb1_2&#8243; _builder_version=\u00bb4.16&#8243; _module_preset=\u00bbdefault\u00bb global_colors_info=\u00bb{}\u00bb][et_pb_text _builder_version=\u00bb4.21.0&#8243; _module_preset=\u00bb32021f09-dd67-47fb-8f9a-832b72a38baf\u00bb header_2_font=\u00bbRoboto Slab||||||||\u00bb header_2_text_color=\u00bb#41E2BA\u00bb header_2_font_size=\u00bb54px\u00bb header_2_line_height=\u00bb1.35em\u00bb transform_scale=\u00bb98%|98%\u00bb transform_translate=\u00bb-26px|0px\u00bb custom_margin=\u00bb|-83px|-3px|-3px|false|false\u00bb custom_padding=\u00bb|0px|0px|2px|false|false\u00bb header_2_font_size_tablet=\u00bb32px\u00bb header_2_font_size_phone=\u00bb16px\u00bb header_2_font_size_last_edited=\u00bbon|phone\u00bb border_radii=\u00bboff||||\u00bb border_style_all=\u00bbnone\u00bb locked=\u00bboff\u00bb global_colors_info=\u00bb{}\u00bb]<\/p>\n<h2>Vacunaci\u00f3n<\/h2>\n<p>[\/et_pb_text][et_pb_text _builder_version=\u00bb4.21.0&#8243; _module_preset=\u00bb0d1dcb4c-f28c-4a41-972c-ecb508cfdc14&#8243; text_font=\u00bb|600|||||||\u00bb text_text_color=\u00bb#808080&#8243; text_line_height=\u00bb1.8em\u00bb text_font_size_tablet=\u00bb\u00bb text_font_size_phone=\u00bb13px\u00bb text_font_size_last_edited=\u00bbon|phone\u00bb header_font_size_tablet=\u00bb55px\u00bb header_font_size_last_edited=\u00bboff|desktop\u00bb locked=\u00bboff\u00bb global_colors_info=\u00bb{}\u00bb text_text_color__hover_enabled=\u00bboff|desktop\u00bb text_text_color__hover=\u00bb#7CDA24&#8243;]<\/p>\n<p>Vacunamos cualquier tipo de enfermedad, tal como la Fiebre Amarilla, Hepatitis y la Influenza.<\/p>\n<p>[\/et_pb_text][\/et_pb_column_inner][\/et_pb_row_inner][et_pb_row_inner column_structure=\u00bb1_2,1_2&#8243; _builder_version=\u00bb4.21.0&#8243; _module_preset=\u00bbdefault\u00bb animation_style=\u00bbflip\u00bb locked=\u00bboff\u00bb global_colors_info=\u00bb{}\u00bb transform_styles__hover_enabled=\u00bbon|hover\u00bb transform_scale__hover_enabled=\u00bbon|hover\u00bb transform_translate__hover_enabled=\u00bbon|desktop\u00bb transform_rotate__hover_enabled=\u00bbon|desktop\u00bb transform_skew__hover_enabled=\u00bbon|desktop\u00bb transform_origin__hover_enabled=\u00bbon|desktop\u00bb transform_scale__hover=\u00bb120%|120%\u00bb][et_pb_column_inner type=\u00bb1_2&#8243; saved_specialty_column_type=\u00bb1_2&#8243; _builder_version=\u00bb4.16&#8243; _module_preset=\u00bbdefault\u00bb global_colors_info=\u00bb{}\u00bb][et_pb_text _builder_version=\u00bb4.21.0&#8243; _module_preset=\u00bb32021f09-dd67-47fb-8f9a-832b72a38baf\u00bb header_2_font=\u00bbRoboto Slab||||||||\u00bb header_2_text_color=\u00bb#41E2BA\u00bb header_2_font_size=\u00bb54px\u00bb header_2_line_height=\u00bb1.35em\u00bb custom_margin=\u00bb||0px||false|false\u00bb header_2_font_size_tablet=\u00bb32px\u00bb header_2_font_size_phone=\u00bb16px\u00bb header_2_font_size_last_edited=\u00bbon|phone\u00bb border_radii=\u00bboff||||\u00bb locked=\u00bboff\u00bb global_colors_info=\u00bb{}\u00bb transform_styles__hover_enabled=\u00bbon|hover\u00bb transform_scale__hover_enabled=\u00bbon|hover\u00bb transform_translate__hover_enabled=\u00bbon|desktop\u00bb transform_rotate__hover_enabled=\u00bbon|desktop\u00bb transform_skew__hover_enabled=\u00bbon|desktop\u00bb transform_origin__hover_enabled=\u00bbon|desktop\u00bb transform_scale__hover=\u00bb108%|108%\u00bb]<\/p>\n<h2>Ni\u00f1os y Adultos<\/h2>\n<p>[\/et_pb_text][et_pb_text _builder_version=\u00bb4.21.0&#8243; _module_preset=\u00bb0d1dcb4c-f28c-4a41-972c-ecb508cfdc14&#8243; text_font=\u00bb|600|||||||\u00bb text_text_color=\u00bbrgba(2,30,60,0.6)\u00bb text_line_height=\u00bb1.8em\u00bb text_font_size_tablet=\u00bb\u00bb text_font_size_phone=\u00bb13px\u00bb text_font_size_last_edited=\u00bbon|phone\u00bb header_font_size_tablet=\u00bb55px\u00bb header_font_size_last_edited=\u00bboff|desktop\u00bb locked=\u00bboff\u00bb global_colors_info=\u00bb{}\u00bb]<\/p>\n<p>Atendemos tanto a ni\u00f1os y adultos por igual.<\/p>\n<p>[\/et_pb_text][\/et_pb_column_inner][et_pb_column_inner type=\u00bb1_2&#8243; saved_specialty_column_type=\u00bb1_2&#8243; _builder_version=\u00bb4.16&#8243; _module_preset=\u00bbdefault\u00bb global_colors_info=\u00bb{}\u00bb][et_pb_text _builder_version=\u00bb4.21.0&#8243; _module_preset=\u00bb32021f09-dd67-47fb-8f9a-832b72a38baf\u00bb header_2_font=\u00bbRoboto Slab||||||||\u00bb header_2_text_color=\u00bb#41E2BA\u00bb header_2_font_size=\u00bb54px\u00bb header_2_line_height=\u00bb1.35em\u00bb custom_margin=\u00bb|-55px|0px||false|false\u00bb header_2_font_size_tablet=\u00bb32px\u00bb header_2_font_size_phone=\u00bb16px\u00bb header_2_font_size_last_edited=\u00bbon|phone\u00bb locked=\u00bboff\u00bb global_colors_info=\u00bb{}\u00bb]<\/p>\n<h2>Siempre a su servicio<\/h2>\n<p>[\/et_pb_text][et_pb_text _builder_version=\u00bb4.21.0&#8243; _module_preset=\u00bb0d1dcb4c-f28c-4a41-972c-ecb508cfdc14&#8243; text_font=\u00bb|600|||||||\u00bb text_text_color=\u00bbrgba(2,30,60,0.6)\u00bb text_line_height=\u00bb1.8em\u00bb text_font_size_tablet=\u00bb\u00bb text_font_size_phone=\u00bb13px\u00bb text_font_size_last_edited=\u00bbon|phone\u00bb header_font_size_tablet=\u00bb55px\u00bb header_font_size_last_edited=\u00bboff|desktop\u00bb locked=\u00bboff\u00bb global_colors_info=\u00bb{}\u00bb]<\/p>\n<p>\u00a1Siempre estamos para usted!<\/p>\n<p>[\/et_pb_text][\/et_pb_column_inner][\/et_pb_row_inner][\/et_pb_column][et_pb_column type=\u00bb1_2&#8243; _builder_version=\u00bb4.16&#8243; custom_padding=\u00bb|||\u00bb global_colors_info=\u00bb{}\u00bb custom_padding__hover=\u00bb|||\u00bb][et_pb_image src=\u00bbhttps:\/\/jaam.conlatarea.com\/wp-content\/uploads\/2023\/07\/quimicos.png\u00bb title_text=\u00bbquimicos\u00bb _builder_version=\u00bb4.21.0&#8243; _module_preset=\u00bbdefault\u00bb transform_scale=\u00bb82%|82%\u00bb transform_translate=\u00bb41px|4px\u00bb global_colors_info=\u00bb{}\u00bb][\/et_pb_image][et_pb_image src=\u00bbhttps:\/\/jaam.conlatarea.com\/wp-content\/uploads\/2023\/07\/esgei9sftu7gesofhseof.gif\u00bb title_text=\u00bbesgei9sftu7gesofhseof\u00bb _builder_version=\u00bb4.21.0&#8243; _module_preset=\u00bbdefault\u00bb transform_translate=\u00bb58px|25px\u00bb global_colors_info=\u00bb{}\u00bb][\/et_pb_image][\/et_pb_column][\/et_pb_section][et_pb_section fb_built=\u00bb1&#8243; admin_label=\u00bbFooter\u00bb _builder_version=\u00bb4.16&#8243; _module_preset=\u00bbdefault\u00bb background_image=\u00bbhttps:\/\/jaam.conlatarea.com\/wp-content\/uploads\/2023\/07\/data-science-064.png\u00bb background_position=\u00bbtop_center\u00bb custom_padding=\u00bb||8vw||false|false\u00bb saved_tabs=\u00bball\u00bb locked=\u00bboff\u00bb global_colors_info=\u00bb{}\u00bb][et_pb_row custom_padding_last_edited=\u00bbon|phone\u00bb _builder_version=\u00bb4.16&#8243; _module_preset=\u00bbdefault\u00bb background_color=\u00bb#000000&#8243; background_enable_image=\u00bboff\u00bb max_width=\u00bb700px\u00bb max_width_last_edited=\u00bboff|desktop\u00bb custom_padding=\u00bb100px|100px|30px|100px|false|true\u00bb custom_padding_tablet=\u00bb60px|60px||60px|false|true\u00bb custom_padding_phone=\u00bb30px|30px|10px|30px|false|true\u00bb animation_style=\u00bbslide\u00bb animation_direction=\u00bbbottom\u00bb animation_duration=\u00bb600ms\u00bb animation_intensity_slide=\u00bb10%\u00bb locked=\u00bboff\u00bb global_colors_info=\u00bb{}\u00bb][et_pb_column type=\u00bb4_4&#8243; _builder_version=\u00bb4.16&#8243; _module_preset=\u00bbdefault\u00bb global_colors_info=\u00bb{}\u00bb][et_pb_text _builder_version=\u00bb4.21.0&#8243; _module_preset=\u00bb8e8d9bcd-685d-4329-882b-a86608a6c40b\u00bb header_text_color=\u00bb#FFFFFF\u00bb header_2_font=\u00bbRoboto Slab||||||||\u00bb header_2_text_color=\u00bb#FFFFFF\u00bb header_2_font_size=\u00bb80px\u00bb header_2_line_height=\u00bb1.2em\u00bb transform_translate=\u00bb-40px|5px\u00bb custom_margin=\u00bb|-94px|||false|false\u00bb custom_padding=\u00bb|0px|||false|false\u00bb header_2_font_size_tablet=\u00bb40px\u00bb header_2_font_size_phone=\u00bb20px\u00bb header_2_font_size_last_edited=\u00bbon|phone\u00bb global_colors_info=\u00bb{}\u00bb]<\/p>\n<h2>CONTACTENOS<\/h2>\n<p>[\/et_pb_text][et_pb_button button_url=\u00bbhttps:\/\/jaam.conlatarea.com\/index.php\/a\/\u00bb url_new_window=\u00bbon\u00bb button_text=\u00bb\u00bfQui\u00e9nes somos?\u00bb button_alignment=\u00bbright\u00bb _builder_version=\u00bb4.21.0&#8243; _module_preset=\u00bb4ebb5d01-8f2a-40d2-99f6-c69d0bb85164&#8243; custom_button=\u00bbon\u00bb button_text_size=\u00bb14px\u00bb button_text_color=\u00bb#FFFFFF\u00bb button_bg_color=\u00bb#41E2BA\u00bb button_border_width=\u00bb0px\u00bb button_border_radius=\u00bb0px\u00bb button_letter_spacing=\u00bb3px\u00bb button_font=\u00bb|700||on|||||\u00bb button_icon=\u00bb&#x45;||divi||400&#8243; custom_margin=\u00bb40px|-100px|||false|false\u00bb custom_margin_tablet=\u00bb|-60px|||false|false\u00bb custom_margin_phone=\u00bb|-30px|||false|false\u00bb custom_margin_last_edited=\u00bbon|phone\u00bb custom_padding=\u00bb18px|30px|18px|30px|true|true\u00bb custom_padding_tablet=\u00bb16px|25px|16px|25px|true|true\u00bb custom_padding_phone=\u00bb14px|20px|14px|20px|true|true\u00bb custom_padding_last_edited=\u00bbon|phone\u00bb animation_style=\u00bbbounce\u00bb animation_direction=\u00bbbottom\u00bb animation_duration=\u00bb600ms\u00bb hover_enabled=\u00bb0&#8243; button_text_size_tablet=\u00bb\u00bb button_text_size_phone=\u00bb12px\u00bb button_text_size_last_edited=\u00bbon|phone\u00bb locked=\u00bboff\u00bb global_colors_info=\u00bb{%22gcid-98d90e25-2ae4-4d27-95a6-0d39ba22d29e%22:%91%93}\u00bb button_bg_color__hover=\u00bb#FFFFFF\u00bb button_bg_color__hover_enabled=\u00bbon|hover\u00bb button_bg_enable_color__hover=\u00bbon\u00bb button_text_color__hover_enabled=\u00bbon|hover\u00bb button_text_color__hover=\u00bb#41E2BA\u00bb transform_styles__hover_enabled=\u00bbon|hover\u00bb transform_scale__hover_enabled=\u00bbon|hover\u00bb transform_translate__hover_enabled=\u00bbon|desktop\u00bb transform_rotate__hover_enabled=\u00bbon|desktop\u00bb transform_skew__hover_enabled=\u00bbon|desktop\u00bb transform_origin__hover_enabled=\u00bbon|desktop\u00bb transform_scale__hover=\u00bb114%|114%\u00bb sticky_enabled=\u00bb0&#8243;][\/et_pb_button][\/et_pb_column][\/et_pb_row][et_pb_row column_structure=\u00bb1_2,1_2&#8243; custom_padding_last_edited=\u00bbon|phone\u00bb _builder_version=\u00bb4.16&#8243; _module_preset=\u00bbdefault\u00bb background_color=\u00bb#000000&#8243; max_width=\u00bb700px\u00bb custom_padding=\u00bb30px|100px|80px|100px|false|true\u00bb custom_padding_tablet=\u00bb|60px|60px|60px|false|true\u00bb custom_padding_phone=\u00bb10px|30px|30px|30px|false|true\u00bb locked=\u00bboff\u00bb global_colors_info=\u00bb{}\u00bb][et_pb_column type=\u00bb1_2&#8243; _builder_version=\u00bb4.16&#8243; _module_preset=\u00bbdefault\u00bb global_colors_info=\u00bb{}\u00bb][et_pb_text _builder_version=\u00bb4.21.0&#8243; _module_preset=\u00bb16a54059-cc81-4572-9c70-eda6a6c419bf\u00bb text_font=\u00bb|600|||||||\u00bb text_text_color=\u00bbrgba(255,255,255,0.7)\u00bb text_font_size=\u00bb16px\u00bb text_line_height=\u00bb2em\u00bb text_font_size_tablet=\u00bb15px\u00bb text_font_size_phone=\u00bb13px\u00bb text_font_size_last_edited=\u00bbon|phone\u00bb text_line_height_tablet=\u00bb\u00bb text_line_height_phone=\u00bb1.7em\u00bb text_line_height_last_edited=\u00bbon|phone\u00bb header_font_size_tablet=\u00bb55px\u00bb header_font_size_last_edited=\u00bboff|desktop\u00bb locked=\u00bboff\u00bb global_colors_info=\u00bb{}\u00bb]<\/p>\n<p>+58 414-623-6878<\/p>\n<p>[\/et_pb_text][et_pb_text _builder_version=\u00bb4.21.0&#8243; _module_preset=\u00bb16a54059-cc81-4572-9c70-eda6a6c419bf\u00bb text_font=\u00bb|600|||||||\u00bb text_text_color=\u00bbrgba(255,255,255,0.7)\u00bb text_font_size=\u00bb16px\u00bb text_line_height=\u00bb2em\u00bb link_text_color=\u00bb#FFFFFF\u00bb custom_margin=\u00bb|-45px|||false|false\u00bb text_font_size_tablet=\u00bb15px\u00bb text_font_size_phone=\u00bb13px\u00bb text_font_size_last_edited=\u00bbon|phone\u00bb text_line_height_tablet=\u00bb\u00bb text_line_height_phone=\u00bb1.7em\u00bb text_line_height_last_edited=\u00bbon|phone\u00bb header_font_size_tablet=\u00bb55px\u00bb header_font_size_last_edited=\u00bboff|desktop\u00bb locked=\u00bboff\u00bb global_colors_info=\u00bb{%22gcid-98d90e25-2ae4-4d27-95a6-0d39ba22d29e%22:%91%93}\u00bb]<\/p>\n<p>LaboratoriosHeisenberg@gmail.com<\/p>\n<p>[\/et_pb_text][\/et_pb_column][et_pb_column type=\u00bb1_2&#8243; _builder_version=\u00bb4.16&#8243; _module_preset=\u00bbdefault\u00bb global_colors_info=\u00bb{}\u00bb][et_pb_text _builder_version=\u00bb4.21.0&#8243; _module_preset=\u00bb16a54059-cc81-4572-9c70-eda6a6c419bf\u00bb text_font=\u00bb|600|||||||\u00bb text_text_color=\u00bbrgba(255,255,255,0.7)\u00bb text_font_size=\u00bb16px\u00bb text_line_height=\u00bb2em\u00bb text_font_size_tablet=\u00bb15px\u00bb text_font_size_phone=\u00bb13px\u00bb text_font_size_last_edited=\u00bbon|phone\u00bb text_line_height_tablet=\u00bb\u00bb text_line_height_phone=\u00bb1.7em\u00bb text_line_height_last_edited=\u00bbon|phone\u00bb header_font_size_tablet=\u00bb55px\u00bb header_font_size_last_edited=\u00bboff|desktop\u00bb locked=\u00bboff\u00bb global_colors_info=\u00bb{}\u00bb][\/et_pb_text][\/et_pb_column][\/et_pb_row][\/et_pb_section]<\/p>\n","protected":false},"excerpt":{"rendered":"<p>Laboratorio HeisenbergNos encargamos de hacerle la vida m\u00e1s facil y sencilla gracias a nuestros resultados inmediatos y efectivos.Algunas funciones que realizamos son:SangreEx\u00e1menes de sangre 100% efectivos.Vacunaci\u00f3nVacunamos cualquier tipo de enfermedad, tal como la Fiebre Amarilla, Hepatitis y la Influenza.Ni\u00f1os y AdultosAtendemos tanto a ni\u00f1os y adultos por igual.Siempre a su servicio\u00a1Siempre estamos para usted!CONTACTENOS+58 414-623-6878LaboratoriosHeisenberg@gmail.com<\/p>\n","protected":false},"author":1,"featured_media":0,"parent":0,"menu_order":0,"comment_status":"closed","ping_status":"closed","template":"","meta":{"_et_pb_use_builder":"on","_et_pb_old_content":"","_et_gb_content_width":""},"_links":{"self":[{"href":"https:\/\/jaam.conlatarea.com\/index.php\/wp-json\/wp\/v2\/pages\/41"}],"collection":[{"href":"https:\/\/jaam.conlatarea.com\/index.php\/wp-json\/wp\/v2\/pages"}],"about":[{"href":"https:\/\/jaam.conlatarea.com\/index.php\/wp-json\/wp\/v2\/types\/page"}],"author":[{"embeddable":true,"href":"https:\/\/jaam.conlatarea.com\/index.php\/wp-json\/wp\/v2\/users\/1"}],"replies":[{"embeddable":true,"href":"https:\/\/jaam.conlatarea.com\/index.php\/wp-json\/wp\/v2\/comments?post=41"}],"version-history":[{"count":27,"href":"https:\/\/jaam.conlatarea.com\/index.php\/wp-json\/wp\/v2\/pages\/41\/revisions"}],"predecessor-version":[{"id":116,"href":"https:\/\/jaam.conlatarea.com\/index.php\/wp-json\/wp\/v2\/pages\/41\/revisions\/116"}],"wp:attachment":[{"href":"https:\/\/jaam.conlatarea.com\/index.php\/wp-json\/wp\/v2\/media?parent=41"}],"curies":[{"name":"wp","href":"https:\/\/api.w.org\/{rel}","templated":true}]}}